{"id":1831,"date":"2018-01-31T09:16:29","date_gmt":"2018-01-31T08:16:29","guid":{"rendered":"http:\/\/dbimportld.cluster017.ovh.net\/?page_id=1831"},"modified":"2024-10-21T05:12:02","modified_gmt":"2024-10-21T03:12:02","slug":"mentions-legales","status":"publish","type":"page","link":"https:\/\/www.insightfrance.fr\/index.php\/mentions-legales\/","title":{"rendered":"Mentions l\u00e9gales"},"content":{"rendered":"<div id=\"content\" class=\"container-fluid\">\n<div id=\"topic\" class=\"row-fluid\">\n<div id=\"topic-inner\">\n<div id=\"top-content\" class=\"span12\">\n<h1 style=\"text-align: center;\">Mentions L\u00e9gales<\/h1>\n<div class=\"row-fluid\">\n<div class=\"span12 tw-para\" style=\"text-align: center;\">Entreprise : Natural Cosmetic Distribution<br \/>\n3 rue Mercier &#8211; 33450 Montussan<br \/>\nN\u00b0 Siret : 313 701 898 00072<strong>H\u00e9bergement : OVH<\/strong><br \/>\n2 rue Kellermann &#8211; 59100 Roubaix &#8211; France.<br \/>\nhttp:\/\/www.ovh.com\/<\/p>\n<p><strong>Propri\u00e9t\u00e9 intellectuelle<\/strong><br \/>\nLa conception, les textes et illustrations de ce site internet sont la propri\u00e9t\u00e9 exclusive deNatural Cosmetic Distribution ou de tiers ayant conc\u00e9d\u00e9 un droit d\u2019utilisation et ne peuvent \u00eatre utilis\u00e9s, reproduits ou copi\u00e9s partiellement ou dans leur int\u00e9gralit\u00e9 sans son autorisation \u00e9crite.<\/p>\n<p><strong>Donn\u00e9es personnelles<\/strong><br \/>\nLes donn\u00e9es personnelles collect\u00e9es sont uniquement destin\u00e9es \u00e0 un usage interne. En aucun cas ces donn\u00e9es ne seront c\u00e9d\u00e9es ou vendues \u00e0 des tiers. Conform\u00e9ment \u00e0 la l\u00e9gislation fran\u00e7aise, vous disposez d&rsquo;un droit d&rsquo;acc\u00e8s, de modification, de rectification et de suppression des donn\u00e9es qui vous concernent. Vous pouvez exercer ce droit dans les conditions pr\u00e9vues par la loi n\u00b0 78-17 du 6 janvier 1978 (modifi\u00e9e) relative \u00e0 l\u2019informatique, aux fichiers et aux libert\u00e9s en envoyant un email \u00e0 l&rsquo;adresse suivante : contact@ncd.green ou par courrier \u00e0 l&rsquo;adresse :Natural Cosmetic Distribution &#8211; 3 rue mercier &#8211; 33450 Montussan<\/p>\n<p><strong>Cookies<\/strong><br \/>\nDBimportdis utilise des cookies afin de comprendre et d&rsquo;analyser l&rsquo;utilisation que les internautes font du site. Un cookie ne permet pas de vous identifier mais enregistre des informations relatives \u00e0 votre navigation, ces informations seront relues lors de vos prochaines visites et conserv\u00e9es sur votre ordinateur jusqu&rsquo;a ce que vous les supprimiez.<\/p>\n<p><strong>L\u00e9gislation<\/strong><br \/>\nCe site est conforme \u00e0 la l\u00e9gislation fran\u00e7aise, DBimportdis\u00a0ne donne aucune garantie de conformit\u00e9 \u00e0 la l\u00e9gislation locale qui vous serait applicable d\u00e8s lors que vous acc\u00e9dez au site \u00e0 partir d&rsquo;autres pays.<\/p>\n<h2 style=\"text-align: center;\"><\/h2>\n<\/div>\n<\/div>\n<\/div>\n<\/div>\n<\/div>\n<\/div>\n<footer>\n<div id=\"footerfat\" class=\"row-fluid\">\n<div class=\"row-fluid\"><\/div>\n<\/div>\n<\/footer>\n","protected":false},"excerpt":{"rendered":"<p>Mentions L\u00e9gales Entreprise : Natural Cosmetic Distribution 3 rue Mercier &#8211; 33450 Montussan N\u00b0 Siret : 313 701 898 00072H\u00e9bergement : OVH 2 rue Kellermann &#8211; 59100 Roubaix &#8211; France. http:\/\/www.ovh.com\/ Propri\u00e9t\u00e9 intellectuelle La conception, les textes et illustrations de ce site internet sont la propri\u00e9t\u00e9 exclusive deNatural Cosmetic Distribution ou de tiers ayant conc\u00e9d\u00e9 un droit d\u2019utilisation et ne&#8230;<\/p>\n","protected":false},"author":1,"featured_media":0,"parent":0,"menu_order":0,"comment_status":"closed","ping_status":"closed","template":"","meta":{"_acf_changed":false,"_exactmetrics_skip_tracking":false,"_exactmetrics_sitenote_active":false,"_exactmetrics_sitenote_note":"","_exactmetrics_sitenote_category":0,"footnotes":""},"class_list":["post-1831","page","type-page","status-publish","hentry"],"acf":[],"_links":{"self":[{"href":"https:\/\/www.insightfrance.fr\/index.php\/wp-json\/wp\/v2\/pages\/1831","targetHints":{"allow":["GET"]}}],"collection":[{"href":"https:\/\/www.insightfrance.fr\/index.php\/wp-json\/wp\/v2\/pages"}],"about":[{"href":"https:\/\/www.insightfrance.fr\/index.php\/wp-json\/wp\/v2\/types\/page"}],"author":[{"embeddable":true,"href":"https:\/\/www.insightfrance.fr\/index.php\/wp-json\/wp\/v2\/users\/1"}],"replies":[{"embeddable":true,"href":"https:\/\/www.insightfrance.fr\/index.php\/wp-json\/wp\/v2\/comments?post=1831"}],"version-history":[{"count":4,"href":"https:\/\/www.insightfrance.fr\/index.php\/wp-json\/wp\/v2\/pages\/1831\/revisions"}],"predecessor-version":[{"id":2952,"href":"https:\/\/www.insightfrance.fr\/index.php\/wp-json\/wp\/v2\/pages\/1831\/revisions\/2952"}],"wp:attachment":[{"href":"https:\/\/www.insightfrance.fr\/index.php\/wp-json\/wp\/v2\/media?parent=1831"}],"curies":[{"name":"wp","href":"https:\/\/api.w.org\/{rel}","templated":true}]}}