{"id":1967,"date":"2019-01-28T11:19:46","date_gmt":"2019-01-28T10:19:46","guid":{"rendered":"http:\/\/www.insightfrance.fr\/?page_id=1967"},"modified":"2021-11-03T08:23:07","modified_gmt":"2021-11-03T07:23:07","slug":"les-formations-insight","status":"publish","type":"page","link":"https:\/\/www.insightfrance.fr\/index.php\/about-us\/les-formations-insight\/","title":{"rendered":"Les formations INSIGHT"},"content":{"rendered":"<h1>BIENTOT CHEZ <a href=\"http:\/\/www.insightfrance.fr\/index.php\/about-us\/\">INSIGHT FRANCE<\/a> : LES FORMATIONS<\/h1>\n<p>INSIGHT \u00e0 le plaisir de vous pr\u00e9senter la mise en places de diff\u00e9rentes formations (coupes, coloration, ventes&#8230;) afin de vous permettre de vous perfectionner.<\/p>\n<p>&nbsp;<\/p>\n<h2><\/h2>\n<h2>Pour plus de renseignements sur nos formations \u00e0 venir :<\/h2>\n<p><strong>Contact technique :\u00a0<\/strong><br \/>\n<strong><em>LUCIE\u00a0<\/em><\/strong><br \/>\nlucie@insightfrance.fr<\/p>\n<p><strong>Contact commercial :\u00a0<\/strong><br \/>\n<strong><em>JEAN-MICHEL \u00a0<\/em><\/strong><br \/>\njean-michel@insightfrance.fr<\/p>\n<p><strong>Contact administratif :\u00a0<\/strong><br \/>\n<strong><em>CRISTELLE\u00a0<\/em><\/strong><br \/>\n05.56.15.60.20<br \/>\ncontact@insightfrance.fr<\/p>\n<p>&nbsp;<\/p>\n<p>&nbsp;<\/p>\n<p>&nbsp;<\/p>\n<p>&nbsp;<\/p>\n<p>&nbsp;<\/p>\n<p>&nbsp;<\/p>\n<p>&nbsp;<\/p>\n<p>&nbsp;<\/p>\n","protected":false},"excerpt":{"rendered":"<p>BIENTOT CHEZ INSIGHT FRANCE : LES FORMATIONS INSIGHT \u00e0 le plaisir de vous pr\u00e9senter la mise en places de diff\u00e9rentes formations (coupes, coloration, ventes&#8230;) afin de vous permettre de vous perfectionner. &nbsp; Pour plus de renseignements sur nos formations \u00e0 venir : Contact technique :\u00a0 LUCIE\u00a0 lucie@insightfrance.fr Contact commercial :\u00a0 JEAN-MICHEL \u00a0 jean-michel@insightfrance.fr Contact administratif :\u00a0 CRISTELLE\u00a0 05.56.15.60.20 contact@insightfrance.fr &nbsp;&#8230;<\/p>\n","protected":false},"author":1,"featured_media":0,"parent":287,"menu_order":3,"comment_status":"closed","ping_status":"closed","template":"","meta":{"_acf_changed":false,"_exactmetrics_skip_tracking":false,"_exactmetrics_sitenote_active":false,"_exactmetrics_sitenote_note":"","_exactmetrics_sitenote_category":0,"footnotes":""},"class_list":["post-1967","page","type-page","status-publish","hentry"],"acf":[],"_links":{"self":[{"href":"https:\/\/www.insightfrance.fr\/index.php\/wp-json\/wp\/v2\/pages\/1967","targetHints":{"allow":["GET"]}}],"collection":[{"href":"https:\/\/www.insightfrance.fr\/index.php\/wp-json\/wp\/v2\/pages"}],"about":[{"href":"https:\/\/www.insightfrance.fr\/index.php\/wp-json\/wp\/v2\/types\/page"}],"author":[{"embeddable":true,"href":"https:\/\/www.insightfrance.fr\/index.php\/wp-json\/wp\/v2\/users\/1"}],"replies":[{"embeddable":true,"href":"https:\/\/www.insightfrance.fr\/index.php\/wp-json\/wp\/v2\/comments?post=1967"}],"version-history":[{"count":32,"href":"https:\/\/www.insightfrance.fr\/index.php\/wp-json\/wp\/v2\/pages\/1967\/revisions"}],"predecessor-version":[{"id":2611,"href":"https:\/\/www.insightfrance.fr\/index.php\/wp-json\/wp\/v2\/pages\/1967\/revisions\/2611"}],"up":[{"embeddable":true,"href":"https:\/\/www.insightfrance.fr\/index.php\/wp-json\/wp\/v2\/pages\/287"}],"wp:attachment":[{"href":"https:\/\/www.insightfrance.fr\/index.php\/wp-json\/wp\/v2\/media?parent=1967"}],"curies":[{"name":"wp","href":"https:\/\/api.w.org\/{rel}","templated":true}]}}