{"id":2119,"date":"2019-06-27T11:46:08","date_gmt":"2019-06-27T09:46:08","guid":{"rendered":"http:\/\/www.insightfrance.fr\/?page_id=2119"},"modified":"2024-12-04T12:14:42","modified_gmt":"2024-12-04T11:14:42","slug":"soins-des-cheveux","status":"publish","type":"page","link":"https:\/\/www.insightfrance.fr\/index.php\/soins-des-cheveux\/","title":{"rendered":"Cheveux"},"content":{"rendered":"<h1 style=\"text-align: center;\">CHEVEUX<\/h1>\n<p>&nbsp;<\/p>\n<h2 class=\"align-center padding-top-20 padding-bottom-10\" style=\"text-align: center;\"><img loading=\"lazy\" decoding=\"async\" class=\"wp-image-3085 size-medium alignleft\" src=\"https:\/\/www.insightfrance.fr\/wp-content\/uploads\/2024\/12\/homepage-b2b-800x0-c-default-300x200.webp\" alt=\"\" width=\"300\" height=\"200\" srcset=\"https:\/\/www.insightfrance.fr\/wp-content\/uploads\/2024\/12\/homepage-b2b-800x0-c-default-300x200.webp 300w, https:\/\/www.insightfrance.fr\/wp-content\/uploads\/2024\/12\/homepage-b2b-800x0-c-default-768x512.webp 768w, https:\/\/www.insightfrance.fr\/wp-content\/uploads\/2024\/12\/homepage-b2b-800x0-c-default.webp 800w\" sizes=\"auto, (max-width: 300px) 100vw, 300px\" \/><a href=\"http:\/\/www.insightfrance.fr\/index.php\/cat-produit\/soins-du-cheveu\/\"><strong>SHAMPOINGS &amp; SOINS<\/strong><\/a><\/h2>\n<div class=\"htmlcontent\">\n<p>Sur mesure pour tous les types de cheveux, pour cr\u00e9er votre propre rituel quotidien de beaut\u00e9 et de bien-\u00eatre.\u00a0Chacun de nous a sa propre identit\u00e9, son unicit\u00e9, ses pr\u00e9f\u00e9rences, ses cheveux: c&rsquo;est la raison pour laquelle nous avons cr\u00e9\u00e9 pour vous un syst\u00e8me complet dans lequel vous pouvez choisir votre bonne combinaison.\u00a0Vos cheveux ont toujours \u00e9t\u00e9 notre passion.<\/p>\n<\/div>\n<p>&nbsp;<\/p>\n<p>&nbsp;<\/p>\n<h2 style=\"text-align: center;\"><strong><img loading=\"lazy\" decoding=\"async\" class=\"alignleft wp-image-363 size-medium\" src=\"https:\/\/www.insightfrance.fr\/wp-content\/uploads\/2024\/06\/mise-en-page-site-internet-insta12-e1733310683362-300x298.jpg\" alt=\"\" width=\"300\" height=\"298\" srcset=\"https:\/\/www.insightfrance.fr\/wp-content\/uploads\/2024\/06\/mise-en-page-site-internet-insta12-e1733310683362-300x298.jpg 300w, https:\/\/www.insightfrance.fr\/wp-content\/uploads\/2024\/06\/mise-en-page-site-internet-insta12-e1733310683362-150x150.jpg 150w, https:\/\/www.insightfrance.fr\/wp-content\/uploads\/2024\/06\/mise-en-page-site-internet-insta12-e1733310683362-768x764.jpg 768w, https:\/\/www.insightfrance.fr\/wp-content\/uploads\/2024\/06\/mise-en-page-site-internet-insta12-e1733310683362-85x85.jpg 85w, https:\/\/www.insightfrance.fr\/wp-content\/uploads\/2024\/06\/mise-en-page-site-internet-insta12-e1733310683362.jpg 1078w\" sizes=\"auto, (max-width: 300px) 100vw, 300px\" \/><a href=\"http:\/\/www.insightfrance.fr\/index.php\/cat-produit\/traitements\/\"><span style=\"font-size: 22px;\">TRAITEMENTS CHEVEUX<\/span><\/a><\/strong><\/h2>\n<div class=\"htmlcontent\">\n<p style=\"text-align: left;\">Les changements de saison, le stress et la pollution ne sont que quelques-uns des facteurs physiologiques pouvant irriter le cuir chevelu, favoriser l\u2019apparition de pellicules ou provoquer la chute des cheveux.\u00a0Pour rem\u00e9dier \u00e0 ces probl\u00e8mes, Insight propose un traitement sp\u00e9cifique pour r\u00e9pondre \u00e0 tous les besoins.<\/p>\n<\/div>\n<p>&nbsp;<\/p>\n<p>&nbsp;<\/p>\n<p>&nbsp;<\/p>\n<h2 style=\"text-align: center;\"><img loading=\"lazy\" decoding=\"async\" class=\"wp-image-3086 size-medium alignleft\" src=\"https:\/\/www.insightfrance.fr\/wp-content\/uploads\/2024\/12\/Insight_26_02_2024_2456-300x200.jpg\" alt=\"\" width=\"300\" height=\"200\" srcset=\"https:\/\/www.insightfrance.fr\/wp-content\/uploads\/2024\/12\/Insight_26_02_2024_2456-300x200.jpg 300w, https:\/\/www.insightfrance.fr\/wp-content\/uploads\/2024\/12\/Insight_26_02_2024_2456-768x512.jpg 768w, https:\/\/www.insightfrance.fr\/wp-content\/uploads\/2024\/12\/Insight_26_02_2024_2456-1536x1024.jpg 1536w, https:\/\/www.insightfrance.fr\/wp-content\/uploads\/2024\/12\/Insight_26_02_2024_2456-2048x1365.jpg 2048w\" sizes=\"auto, (max-width: 300px) 100vw, 300px\" \/><a href=\"http:\/\/www.insightfrance.fr\/index.php\/cat-produit\/coiffants\/\"><strong><span style=\"font-size: 22px;\">COIFFANTS<\/span><\/strong><\/a><\/h2>\n<div class=\"htmlcontent\">\n<p style=\"text-align: left;\">La ligne Insight STYLING permet de s\u2019exprimer et de se r\u00e9inventer au quotidien. Parmi la gamme de produits, vous pouvez choisir ceux qui conviennent le mieux \u00e0 votre personnalit\u00e9 et \u00e0 votre style. En m\u00eame temps, ils prot\u00e8gent et hydratent les cheveux gr\u00e2ce aux huiles nourrissantes et aux extraits organiques qui donnent force et vigueur aux cheveux.<\/p>\n<\/div>\n<p>&nbsp;<\/p>\n<h2 style=\"text-align: center;\"><img loading=\"lazy\" decoding=\"async\" class=\" wp-image-1935 alignleft\" src=\"http:\/\/www.insightfrance.fr\/wp-content\/uploads\/2018\/07\/blog-hydra-color-300x163.jpg\" alt=\"\" width=\"359\" height=\"196\" srcset=\"https:\/\/www.insightfrance.fr\/wp-content\/uploads\/2018\/07\/blog-hydra-color-300x163.jpg 300w, https:\/\/www.insightfrance.fr\/wp-content\/uploads\/2018\/07\/blog-hydra-color.jpg 950w\" sizes=\"auto, (max-width: 359px) 100vw, 359px\" \/><a href=\"http:\/\/www.insightfrance.fr\/index.php\/cat-produit\/coloration\/\">COLORATION<\/a><\/h2>\n<p>Incolor est la gamme de coloration permanente insight.\u00a0C&rsquo;est un syst\u00e8me de coloration de haute qualit\u00e9, qui garantit une couleur vive et intense.<\/p>\n","protected":false},"excerpt":{"rendered":"<p>CHEVEUX &nbsp; SHAMPOINGS &amp; SOINS Sur mesure pour tous les types de cheveux, pour cr\u00e9er votre propre rituel quotidien de beaut\u00e9 et de bien-\u00eatre.\u00a0Chacun de nous a sa propre identit\u00e9, son unicit\u00e9, ses pr\u00e9f\u00e9rences, ses cheveux: c&rsquo;est la raison pour laquelle nous avons cr\u00e9\u00e9 pour vous un syst\u00e8me complet dans lequel vous pouvez choisir votre bonne combinaison.\u00a0Vos cheveux ont toujours&#8230;<\/p>\n","protected":false},"author":1,"featured_media":0,"parent":0,"menu_order":0,"comment_status":"closed","ping_status":"closed","template":"","meta":{"_acf_changed":false,"_exactmetrics_skip_tracking":false,"_exactmetrics_sitenote_active":false,"_exactmetrics_sitenote_note":"","_exactmetrics_sitenote_category":0,"footnotes":""},"class_list":["post-2119","page","type-page","status-publish","hentry"],"acf":[],"_links":{"self":[{"href":"https:\/\/www.insightfrance.fr\/index.php\/wp-json\/wp\/v2\/pages\/2119","targetHints":{"allow":["GET"]}}],"collection":[{"href":"https:\/\/www.insightfrance.fr\/index.php\/wp-json\/wp\/v2\/pages"}],"about":[{"href":"https:\/\/www.insightfrance.fr\/index.php\/wp-json\/wp\/v2\/types\/page"}],"author":[{"embeddable":true,"href":"https:\/\/www.insightfrance.fr\/index.php\/wp-json\/wp\/v2\/users\/1"}],"replies":[{"embeddable":true,"href":"https:\/\/www.insightfrance.fr\/index.php\/wp-json\/wp\/v2\/comments?post=2119"}],"version-history":[{"count":13,"href":"https:\/\/www.insightfrance.fr\/index.php\/wp-json\/wp\/v2\/pages\/2119\/revisions"}],"predecessor-version":[{"id":3089,"href":"https:\/\/www.insightfrance.fr\/index.php\/wp-json\/wp\/v2\/pages\/2119\/revisions\/3089"}],"wp:attachment":[{"href":"https:\/\/www.insightfrance.fr\/index.php\/wp-json\/wp\/v2\/media?parent=2119"}],"curies":[{"name":"wp","href":"https:\/\/api.w.org\/{rel}","templated":true}]}}