{"id":2524,"date":"2021-10-08T17:04:56","date_gmt":"2021-10-08T15:04:56","guid":{"rendered":"https:\/\/www.insightfrance.fr\/?page_id=2524"},"modified":"2021-11-12T19:47:30","modified_gmt":"2021-11-12T18:47:30","slug":"nos-salons-partenaires-certifies","status":"publish","type":"page","link":"https:\/\/www.insightfrance.fr\/index.php\/contact\/nos-salons-partenaires-certifies\/","title":{"rendered":"Nos salons partenaires certifi\u00e8s"},"content":{"rendered":"<h3>Retrouvez la liste de tous nos salons partenaires certifi\u00e9s class\u00e9s par d\u00e9partement.<\/h3>\n","protected":false},"excerpt":{"rendered":"<p>Retrouvez la liste de tous nos salons partenaires certifi\u00e9s class\u00e9s par d\u00e9partement.<\/p>\n","protected":false},"author":1,"featured_media":0,"parent":551,"menu_order":0,"comment_status":"closed","ping_status":"closed","template":"page-liste-coiffeur.php","meta":{"_acf_changed":false,"_exactmetrics_skip_tracking":false,"_exactmetrics_sitenote_active":false,"_exactmetrics_sitenote_note":"","_exactmetrics_sitenote_category":0,"footnotes":""},"class_list":["post-2524","page","type-page","status-publish","hentry"],"acf":[],"_links":{"self":[{"href":"https:\/\/www.insightfrance.fr\/index.php\/wp-json\/wp\/v2\/pages\/2524","targetHints":{"allow":["GET"]}}],"collection":[{"href":"https:\/\/www.insightfrance.fr\/index.php\/wp-json\/wp\/v2\/pages"}],"about":[{"href":"https:\/\/www.insightfrance.fr\/index.php\/wp-json\/wp\/v2\/types\/page"}],"author":[{"embeddable":true,"href":"https:\/\/www.insightfrance.fr\/index.php\/wp-json\/wp\/v2\/users\/1"}],"replies":[{"embeddable":true,"href":"https:\/\/www.insightfrance.fr\/index.php\/wp-json\/wp\/v2\/comments?post=2524"}],"version-history":[{"count":3,"href":"https:\/\/www.insightfrance.fr\/index.php\/wp-json\/wp\/v2\/pages\/2524\/revisions"}],"predecessor-version":[{"id":2614,"href":"https:\/\/www.insightfrance.fr\/index.php\/wp-json\/wp\/v2\/pages\/2524\/revisions\/2614"}],"up":[{"embeddable":true,"href":"https:\/\/www.insightfrance.fr\/index.php\/wp-json\/wp\/v2\/pages\/551"}],"wp:attachment":[{"href":"https:\/\/www.insightfrance.fr\/index.php\/wp-json\/wp\/v2\/media?parent=2524"}],"curies":[{"name":"wp","href":"https:\/\/api.w.org\/{rel}","templated":true}]}}